{"id":4716,"date":"2022-10-25T19:08:05","date_gmt":"2022-10-25T19:08:05","guid":{"rendered":"https:\/\/abrashcabinetdentaire.lu\/implantologia-oral\/"},"modified":"2023-05-02T20:57:21","modified_gmt":"2023-05-02T20:57:21","slug":"implantologia-oral","status":"publish","type":"page","link":"https:\/\/abrashcabinetdentaire.lu\/es\/implantologia-oral\/","title":{"rendered":"Implantolog\u00eda Oral"},"content":{"rendered":"<div id=\"pl-4716\"  class=\"panel-layout\" ><div id=\"pg-4716-0\"  class=\"panel-grid panel-has-style\" ><div class=\"aos-init horizontal_right orion-parallax siteorigin-panels-stretch orion-separator bottom-svg-7 bottom-svg-inside hide_separators_mobile divider-notresponsive divider-no-animation tablet-1-in-row mobile-1-in-row desktop-default text-light bg-c2 panel-row-style panel-row-style-for-4716-0\" data-aos=\"fade\" data-aos-duration=\"900\" data-aos-easing=\"linear\" data-aos-anchor-placement=\"top-bottom\" data-aos-once=\"true\" data-stretch-type=\"full\" data-svg-bottom-color=\"#f8f8f8\" data-svg-top-color=\"#f8f8f8\" ><div id=\"pgc-4716-0-0\"  class=\"panel-grid-cell\" ><div id=\"panel-4716-0-0-0\" class=\"so-panel widget widget_orion_heading_w panel-first-child\" data-index=\"0\" ><div class=\"orion custom mobile-text-center tablets-text-center default panel-widget-style panel-widget-style-for-4716-0-0-0\" ><div\n\t\t\t\n\t\t\tclass=\"so-widget-orion_heading_w so-widget-orion_heading_w-base\"\n\t\t\t\n\t\t> \r\n\t\t\t<div class=\"row orion-heading\" style=\"margin-bottom:0px;\">\r\n\t\t<div class=\"col-md-12  separator-style-2 text-left style-h1 style-text-light\">\r\n\t\t\t<h1 class=\"text-light\">\r\n\t\t\t\tImplantolog\u00eda oral\t\t\t<\/h1>\r\n\t\t<\/div>\r\n\t<\/div>\r\n\r\n\t<\/div><\/div><\/div><div id=\"panel-4716-0-0-1\" class=\"so-panel widget widget_orion_heading_w\" data-index=\"1\" ><div class=\"orion custom mobile-text-center tablets-text-center default panel-widget-style panel-widget-style-for-4716-0-0-1\" ><div\n\t\t\t\n\t\t\tclass=\"so-widget-orion_heading_w so-widget-orion_heading_w-base\"\n\t\t\t\n\t\t> \r\n\t\t\t<div class=\"row orion-heading\" style=\"margin-bottom:0px;\">\r\n\t\t<div class=\"col-md-12   text-left style-h5 style-text-light\">\r\n\t\t\t<h5 class=\"text-light\">\r\n\t\t\t\tCuando todos los tratamientos preventivos y conservadores fallan, o en caso de ausencias dentales, reemplazamos las piezas perdidas mediante cirug\u00eda con implantes dentales. \t\t\t<\/h5>\r\n\t\t<\/div>\r\n\t<\/div>\r\n\r\n\t<\/div><\/div><\/div><div id=\"panel-4716-0-0-2\" class=\"so-panel widget widget_orion_heading_w\" data-index=\"2\" ><div class=\"orion custom mobile-text-center tablets-text-center default panel-widget-style panel-widget-style-for-4716-0-0-2\" ><div\n\t\t\t\n\t\t\tclass=\"so-widget-orion_heading_w so-widget-orion_heading_w-base\"\n\t\t\t\n\t\t> \r\n\t\t\t<div class=\"row orion-heading\" style=\"margin-bottom:0px;\">\r\n\t\t<div class=\"col-md-12   text-left style-h5 style-text-light\">\r\n\t\t\t<h5 class=\"text-light\">\r\n\t\t\t\tRealizamos estudios personalizados, ofreciendo diversas opciones de tratamiento.\t\t\t<\/h5>\r\n\t\t<\/div>\r\n\t<\/div>\r\n\r\n\t<\/div><\/div><\/div><div id=\"panel-4716-0-0-3\" class=\"so-panel widget widget_orion_empty_space_w\" data-index=\"3\" ><div class=\"orion custom default panel-widget-style panel-widget-style-for-4716-0-0-3\" ><div\n\t\t\t\n\t\t\tclass=\"so-widget-orion_empty_space_w so-widget-orion_empty_space_w-base\"\n\t\t\t\n\t\t>\t<div class=\"row empty-space visible-lg visible-md visible-sm visible-xs\" style=\"height:20px;\">\r\n\t<\/div><\/div><\/div><\/div><div id=\"panel-4716-0-0-4\" class=\"so-panel widget widget_orion_button_w\" data-index=\"4\" ><div class=\"orion custom mobile-text-center tablets-text-center default panel-widget-style panel-widget-style-for-4716-0-0-4\" ><div\n\t\t\t\n\t\t\tclass=\"so-widget-orion_button_w so-widget-orion_button_w-base\"\n\t\t\t\n\t\t>\r\n\t\t\t<a class=\"btn btn-white btn-wire btn-md\"  href=\"https:\/\/abrashcabinetdentaire.lu\/informations-pratiques\/\"\r\n\t\t\t   \t\t>\r\n\t\t\tPedir Cita\t\t\r\n\t\t<\/a>\r\n\t\r\n<\/div><\/div><\/div><div id=\"panel-4716-0-0-5\" class=\"so-panel widget widget_orion_empty_space_w panel-last-child\" data-index=\"5\" ><div class=\"orion default panel-widget-style panel-widget-style-for-4716-0-0-5\" ><div\n\t\t\t\n\t\t\tclass=\"so-widget-orion_empty_space_w so-widget-orion_empty_space_w-base\"\n\t\t\t\n\t\t>\t<div class=\"row empty-space visible-sm visible-xs\" style=\"height:36px;\">\r\n\t<\/div><\/div><\/div><\/div><\/div><div id=\"pgc-4716-0-1\"  class=\"panel-grid-cell\" ><div id=\"panel-4716-0-1-0\" class=\"so-panel widget widget_orion_image_w panel-first-child panel-last-child\" data-index=\"6\" ><div class=\"aos-init orion custom mobile-text-center default panel-widget-style panel-widget-style-for-4716-0-1-0\" data-aos=\"zoom-in\" data-aos-duration=\"600\" data-aos-easing=\"linear\" data-aos-delay=\"300\" data-aos-anchor-placement=\"top-bottom\" data-aos-once=\"true\" ><div\n\t\t\t\n\t\t\tclass=\"so-widget-orion_image_w so-widget-orion_image_w-base\"\n\t\t\t\n\t\t>\r\n<div class=\"image-w relative  img-frame shadow-4\">\r\n\r\n\t\t\t\t\t\t\t<div class=\"orion_square overlay-none overlay-hover-none\">\r\n\t\t\r\n\t\t\t\t\t<img fetchpriority=\"high\" decoding=\"async\" width=\"750\" height=\"750\" src=\"https:\/\/abrashcabinetdentaire.lu\/wp-content\/uploads\/2022\/10\/Tratmientos-conservadores-seccion-750x750.jpeg\" class=\"attachment-orion_square size-orion_square\" alt=\"\" \/>\t\t\t<div class=\"overlay\"><\/div>\r\n\t\t\r\n\t\t\t\t\t<\/div>\r\n\t\t\t\r\n\t\r\n\t<div class=\"absolute\">\r\n\t\t<div class=\"hover-desc table-wrap\">\r\n\t\t\t<div class=\"cell-wrap\">\r\n\t\t\t\t<h4 class=\"text-light\"><\/h4>\r\n\t\t\t<\/div>\r\n\t\t<\/div>\r\n\t<\/div>\t\t\t\t\t\r\n<\/div>\r\n\r\n<\/div><\/div><\/div><\/div><\/div><\/div><div id=\"pg-4716-1\"  class=\"panel-grid panel-has-style\" ><div class=\"siteorigin-panels-stretch divider-no-animation tablet-1-in-row mobile-1-in-row desktop-default text-dark custom panel-row-style panel-row-style-for-4716-1\" data-stretch-type=\"full\" data-svg-bottom-color=\"#ffffff\" data-svg-top-color=\"#f8f8f8\" ><div id=\"pgc-4716-1-0\"  class=\"panel-grid-cell\" ><div id=\"panel-4716-1-0-0\" class=\"so-panel widget widget_orion_heading_w panel-first-child\" data-index=\"7\" ><div class=\"orion custom default panel-widget-style panel-widget-style-for-4716-1-0-0\" ><div\n\t\t\t\n\t\t\tclass=\"so-widget-orion_heading_w so-widget-orion_heading_w-base\"\n\t\t\t\n\t\t> \r\n\t\t\t<div class=\"row orion-heading\" style=\"margin-bottom:0px;\">\r\n\t\t<div class=\"col-md-12  separator-style-2 text-center style-h2 style-text-dark\">\r\n\t\t\t<h2 class=\"text-dark\">\r\n\t\t\t\tImplantolog\u00eda Oral\t\t\t<\/h2>\r\n\t\t<\/div>\r\n\t<\/div>\r\n\r\n\t<\/div><\/div><\/div><div id=\"panel-4716-1-0-1\" class=\"so-panel widget widget_orion_empty_space_w\" data-index=\"8\" ><div class=\"orion custom default panel-widget-style panel-widget-style-for-4716-1-0-1\" ><div\n\t\t\t\n\t\t\tclass=\"so-widget-orion_empty_space_w so-widget-orion_empty_space_w-base\"\n\t\t\t\n\t\t>\t<div class=\"row empty-space visible-lg visible-md visible-sm visible-xs\" style=\"height:40px;\">\r\n\t<\/div><\/div><\/div><\/div><div id=\"panel-4716-1-0-2\" class=\"so-panel widget widget_sow-editor panel-last-child\" data-index=\"9\" ><div class=\"orion custom default panel-widget-style panel-widget-style-for-4716-1-0-2\" ><div\n\t\t\t\n\t\t\tclass=\"so-widget-sow-editor so-widget-sow-editor-base\"\n\t\t\t\n\t\t>\n<div class=\"siteorigin-widget-tinymce textwidget\">\n\t<div style=\"text-align: center;\"><span lang=\"FR\"><span lang=\"FR\">La implantolog\u00eda dental consiste en el <strong>reemplazo de dientes perdidos o ausentes mediante la colocaci\u00f3n quir\u00fargica de un implante dental (aditamiento de titanio o zirconio) en el hueso maxilar o la mand\u00edbula.<\/strong><\/span><\/span> Posteriormente, el o los implantes se rehabilitan mediante pr\u00f3tesis para la recuperaci\u00f3n funcional y est\u00e9tica.<\/div>\n<\/div>\n<\/div><\/div><\/div><\/div><\/div><\/div><div id=\"pg-4716-2\"  class=\"panel-grid panel-has-style\" ><div class=\"siteorigin-panels-stretch divider-no-animation tablet-default mobile-default desktop-default custom panel-row-style panel-row-style-for-4716-2\" data-stretch-type=\"full\" ><div id=\"pgc-4716-2-0\"  class=\"panel-grid-cell panel-grid-cell-empty\" ><div class=\"custom panel-cell-style panel-cell-style-for-4716-2-0\" ><\/div><\/div><div id=\"pgc-4716-2-1\"  class=\"panel-grid-cell panel-grid-cell-mobile-last\" ><div id=\"panel-4716-2-1-0\" class=\"so-panel widget widget_orion_image_w panel-first-child panel-last-child\" data-index=\"10\" ><div class=\"aos-init orion custom default panel-widget-style panel-widget-style-for-4716-2-1-0\" data-aos=\"zoom-in\" data-aos-duration=\"600\" data-aos-easing=\"linear\" data-aos-delay=\"300\" data-aos-anchor-placement=\"top-bottom\" data-aos-once=\"true\" ><div\n\t\t\t\n\t\t\tclass=\"so-widget-orion_image_w so-widget-orion_image_w-base\"\n\t\t\t\n\t\t>\r\n<div class=\"image-w relative\">\r\n\r\n\t\t\t\t\t\t\t<div class=\" overlay-none overlay-hover-none\">\r\n\t\t\r\n\t\t\t\t\t<img decoding=\"async\" width=\"665\" height=\"460\" src=\"https:\/\/abrashcabinetdentaire.lu\/wp-content\/uploads\/2023\/01\/Implante-Dental-2-e1674763354841.png\" class=\"attachment- size-\" alt=\"\" \/>\t\t\t<div class=\"overlay\"><\/div>\r\n\t\t\r\n\t\t\t\t\t<\/div>\r\n\t\t\t\r\n\t\r\n\t<div class=\"absolute\">\r\n\t\t<div class=\"hover-desc table-wrap\">\r\n\t\t\t<div class=\"cell-wrap\">\r\n\t\t\t\t<h4 class=\"text-light\"><\/h4>\r\n\t\t\t<\/div>\r\n\t\t<\/div>\r\n\t<\/div>\t\t\t\t\t\r\n<\/div>\r\n\r\n<\/div><\/div><\/div><\/div><div id=\"pgc-4716-2-2\"  class=\"panel-grid-cell panel-grid-cell-empty\" ><\/div><\/div><\/div><div id=\"pg-4716-3\"  class=\"panel-grid panel-has-style\" ><div class=\"siteorigin-panels-stretch divider-no-animation tablet-default mobile-default desktop-default custom panel-row-style panel-row-style-for-4716-3\" data-stretch-type=\"full\" ><div id=\"pgc-4716-3-0\"  class=\"panel-grid-cell panel-grid-cell-empty panel-grid-cell-mobile-last\" ><\/div><div id=\"pgc-4716-3-1\"  class=\"panel-grid-cell panel-grid-cell-empty\" ><\/div><\/div><\/div><\/div>","protected":false},"excerpt":{"rendered":"<p>La implantolog\u00eda dental consiste en el reemplazo de dientes perdidos o ausentes mediante la colocaci\u00f3n quir\u00fargica de un implante dental (aditamiento de titanio o zirconio) en el hueso maxilar o la mand\u00edbula. Posteriormente, el o los implantes se rehabilitan mediante pr\u00f3tesis para la recuperaci\u00f3n funcional y est\u00e9tica.<\/p>\n","protected":false},"author":1,"featured_media":4379,"parent":0,"menu_order":0,"comment_status":"closed","ping_status":"closed","template":"","meta":{"footnotes":""},"class_list":["post-4716","page","type-page","status-publish","has-post-thumbnail","hentry"],"yoast_head":"<!-- This site is optimized with the Yoast SEO plugin v26.3 - https:\/\/yoast.com\/wordpress\/plugins\/seo\/ -->\n<title>Implantolog\u00eda Oral | Cl\u00ednica Dental Susana Abrash<\/title>\n<meta name=\"description\" content=\"Implantolog\u00eda Oral | Cl\u00ednica Dental Susana Abrash\" \/>\n<meta name=\"robots\" content=\"index, follow, max-snippet:-1, max-image-preview:large, max-video-preview:-1\" \/>\n<link rel=\"canonical\" href=\"https:\/\/abrashcabinetdentaire.lu\/es\/implantologia-oral\/\" \/>\n<meta property=\"og:locale\" content=\"es_ES\" \/>\n<meta property=\"og:type\" content=\"article\" \/>\n<meta property=\"og:title\" content=\"Implantolog\u00eda Oral | Cl\u00ednica Dental Susana Abrash\" \/>\n<meta property=\"og:description\" content=\"Implantolog\u00eda Oral | Cl\u00ednica Dental Susana Abrash\" \/>\n<meta property=\"og:url\" content=\"https:\/\/abrashcabinetdentaire.lu\/es\/implantologia-oral\/\" \/>\n<meta property=\"og:site_name\" content=\"Cl\u00ednica Dental Susana Abrash\" \/>\n<meta property=\"article:publisher\" content=\"https:\/\/www.facebook.com\/abrashcabinetdentaire\/\" \/>\n<meta property=\"article:modified_time\" content=\"2023-05-02T20:57:21+00:00\" \/>\n<meta property=\"og:image\" content=\"https:\/\/abrashcabinetdentaire.lu\/wp-content\/uploads\/2022\/10\/Tratmientos-conservadores-seccion-scaled.jpeg\" \/>\n\t<meta property=\"og:image:width\" content=\"2560\" \/>\n\t<meta property=\"og:image:height\" content=\"1707\" \/>\n\t<meta property=\"og:image:type\" content=\"image\/jpeg\" \/>\n<meta name=\"twitter:card\" content=\"summary_large_image\" \/>\n<meta name=\"twitter:label1\" content=\"Tiempo de lectura\" \/>\n\t<meta name=\"twitter:data1\" content=\"1 minuto\" \/>\n<script type=\"application\/ld+json\" class=\"yoast-schema-graph\">{\"@context\":\"https:\/\/schema.org\",\"@graph\":[{\"@type\":\"WebPage\",\"@id\":\"https:\/\/abrashcabinetdentaire.lu\/es\/implantologia-oral\/\",\"url\":\"https:\/\/abrashcabinetdentaire.lu\/es\/implantologia-oral\/\",\"name\":\"Implantolog\u00eda Oral | Cl\u00ednica Dental Susana Abrash\",\"isPartOf\":{\"@id\":\"https:\/\/abrashcabinetdentaire.lu\/es\/#website\"},\"primaryImageOfPage\":{\"@id\":\"https:\/\/abrashcabinetdentaire.lu\/es\/implantologia-oral\/#primaryimage\"},\"image\":{\"@id\":\"https:\/\/abrashcabinetdentaire.lu\/es\/implantologia-oral\/#primaryimage\"},\"thumbnailUrl\":\"https:\/\/abrashcabinetdentaire.lu\/wp-content\/uploads\/2022\/10\/Tratmientos-conservadores-seccion-scaled.jpeg\",\"datePublished\":\"2022-10-25T19:08:05+00:00\",\"dateModified\":\"2023-05-02T20:57:21+00:00\",\"description\":\"Implantolog\u00eda Oral | Cl\u00ednica Dental Susana Abrash\",\"breadcrumb\":{\"@id\":\"https:\/\/abrashcabinetdentaire.lu\/es\/implantologia-oral\/#breadcrumb\"},\"inLanguage\":\"es\",\"potentialAction\":[{\"@type\":\"ReadAction\",\"target\":[\"https:\/\/abrashcabinetdentaire.lu\/es\/implantologia-oral\/\"]}]},{\"@type\":\"ImageObject\",\"inLanguage\":\"es\",\"@id\":\"https:\/\/abrashcabinetdentaire.lu\/es\/implantologia-oral\/#primaryimage\",\"url\":\"https:\/\/abrashcabinetdentaire.lu\/wp-content\/uploads\/2022\/10\/Tratmientos-conservadores-seccion-scaled.jpeg\",\"contentUrl\":\"https:\/\/abrashcabinetdentaire.lu\/wp-content\/uploads\/2022\/10\/Tratmientos-conservadores-seccion-scaled.jpeg\",\"width\":2560,\"height\":1707,\"caption\":\"High angle view of unrecognizable young woman holding tooth model during consultation in dentists office, copy space\"},{\"@type\":\"BreadcrumbList\",\"@id\":\"https:\/\/abrashcabinetdentaire.lu\/es\/implantologia-oral\/#breadcrumb\",\"itemListElement\":[{\"@type\":\"ListItem\",\"position\":1,\"name\":\"Inicio\",\"item\":\"https:\/\/abrashcabinetdentaire.lu\/es\/\"},{\"@type\":\"ListItem\",\"position\":2,\"name\":\"Implantolog\u00eda Oral\"}]},{\"@type\":\"WebSite\",\"@id\":\"https:\/\/abrashcabinetdentaire.lu\/es\/#website\",\"url\":\"https:\/\/abrashcabinetdentaire.lu\/es\/\",\"name\":\"Cl\u00ednica Dental Susana Abrash\",\"description\":\"Dentista en Luxemburgo\",\"publisher\":{\"@id\":\"https:\/\/abrashcabinetdentaire.lu\/es\/#organization\"},\"potentialAction\":[{\"@type\":\"SearchAction\",\"target\":{\"@type\":\"EntryPoint\",\"urlTemplate\":\"https:\/\/abrashcabinetdentaire.lu\/es\/?s={search_term_string}\"},\"query-input\":{\"@type\":\"PropertyValueSpecification\",\"valueRequired\":true,\"valueName\":\"search_term_string\"}}],\"inLanguage\":\"es\"},{\"@type\":\"Organization\",\"@id\":\"https:\/\/abrashcabinetdentaire.lu\/es\/#organization\",\"name\":\"Cabinet Dentaire Susana Abrash\",\"url\":\"https:\/\/abrashcabinetdentaire.lu\/es\/\",\"logo\":{\"@type\":\"ImageObject\",\"inLanguage\":\"es\",\"@id\":\"https:\/\/abrashcabinetdentaire.lu\/es\/#\/schema\/logo\/image\/\",\"url\":\"https:\/\/abrashcabinetdentaire.lu\/wp-content\/uploads\/2022\/10\/abrash-logo-vertical.png\",\"contentUrl\":\"https:\/\/abrashcabinetdentaire.lu\/wp-content\/uploads\/2022\/10\/abrash-logo-vertical.png\",\"width\":1007,\"height\":1086,\"caption\":\"Cabinet Dentaire Susana Abrash\"},\"image\":{\"@id\":\"https:\/\/abrashcabinetdentaire.lu\/es\/#\/schema\/logo\/image\/\"},\"sameAs\":[\"https:\/\/www.facebook.com\/abrashcabinetdentaire\/\",\"https:\/\/www.instagram.com\/abrashcabinetdentaire\/\"]}]}<\/script>\n<!-- \/ Yoast SEO plugin. -->","yoast_head_json":{"title":"Implantolog\u00eda Oral | Cl\u00ednica Dental Susana Abrash","description":"Implantolog\u00eda Oral | Cl\u00ednica Dental Susana Abrash","robots":{"index":"index","follow":"follow","max-snippet":"max-snippet:-1","max-image-preview":"max-image-preview:large","max-video-preview":"max-video-preview:-1"},"canonical":"https:\/\/abrashcabinetdentaire.lu\/es\/implantologia-oral\/","og_locale":"es_ES","og_type":"article","og_title":"Implantolog\u00eda Oral | Cl\u00ednica Dental Susana Abrash","og_description":"Implantolog\u00eda Oral | Cl\u00ednica Dental Susana Abrash","og_url":"https:\/\/abrashcabinetdentaire.lu\/es\/implantologia-oral\/","og_site_name":"Cl\u00ednica Dental Susana Abrash","article_publisher":"https:\/\/www.facebook.com\/abrashcabinetdentaire\/","article_modified_time":"2023-05-02T20:57:21+00:00","og_image":[{"width":2560,"height":1707,"url":"https:\/\/abrashcabinetdentaire.lu\/wp-content\/uploads\/2022\/10\/Tratmientos-conservadores-seccion-scaled.jpeg","type":"image\/jpeg"}],"twitter_card":"summary_large_image","twitter_misc":{"Tiempo de lectura":"1 minuto"},"schema":{"@context":"https:\/\/schema.org","@graph":[{"@type":"WebPage","@id":"https:\/\/abrashcabinetdentaire.lu\/es\/implantologia-oral\/","url":"https:\/\/abrashcabinetdentaire.lu\/es\/implantologia-oral\/","name":"Implantolog\u00eda Oral | Cl\u00ednica Dental Susana Abrash","isPartOf":{"@id":"https:\/\/abrashcabinetdentaire.lu\/es\/#website"},"primaryImageOfPage":{"@id":"https:\/\/abrashcabinetdentaire.lu\/es\/implantologia-oral\/#primaryimage"},"image":{"@id":"https:\/\/abrashcabinetdentaire.lu\/es\/implantologia-oral\/#primaryimage"},"thumbnailUrl":"https:\/\/abrashcabinetdentaire.lu\/wp-content\/uploads\/2022\/10\/Tratmientos-conservadores-seccion-scaled.jpeg","datePublished":"2022-10-25T19:08:05+00:00","dateModified":"2023-05-02T20:57:21+00:00","description":"Implantolog\u00eda Oral | Cl\u00ednica Dental Susana Abrash","breadcrumb":{"@id":"https:\/\/abrashcabinetdentaire.lu\/es\/implantologia-oral\/#breadcrumb"},"inLanguage":"es","potentialAction":[{"@type":"ReadAction","target":["https:\/\/abrashcabinetdentaire.lu\/es\/implantologia-oral\/"]}]},{"@type":"ImageObject","inLanguage":"es","@id":"https:\/\/abrashcabinetdentaire.lu\/es\/implantologia-oral\/#primaryimage","url":"https:\/\/abrashcabinetdentaire.lu\/wp-content\/uploads\/2022\/10\/Tratmientos-conservadores-seccion-scaled.jpeg","contentUrl":"https:\/\/abrashcabinetdentaire.lu\/wp-content\/uploads\/2022\/10\/Tratmientos-conservadores-seccion-scaled.jpeg","width":2560,"height":1707,"caption":"High angle view of unrecognizable young woman holding tooth model during consultation in dentists office, copy space"},{"@type":"BreadcrumbList","@id":"https:\/\/abrashcabinetdentaire.lu\/es\/implantologia-oral\/#breadcrumb","itemListElement":[{"@type":"ListItem","position":1,"name":"Inicio","item":"https:\/\/abrashcabinetdentaire.lu\/es\/"},{"@type":"ListItem","position":2,"name":"Implantolog\u00eda Oral"}]},{"@type":"WebSite","@id":"https:\/\/abrashcabinetdentaire.lu\/es\/#website","url":"https:\/\/abrashcabinetdentaire.lu\/es\/","name":"Cl\u00ednica Dental Susana Abrash","description":"Dentista en Luxemburgo","publisher":{"@id":"https:\/\/abrashcabinetdentaire.lu\/es\/#organization"},"potentialAction":[{"@type":"SearchAction","target":{"@type":"EntryPoint","urlTemplate":"https:\/\/abrashcabinetdentaire.lu\/es\/?s={search_term_string}"},"query-input":{"@type":"PropertyValueSpecification","valueRequired":true,"valueName":"search_term_string"}}],"inLanguage":"es"},{"@type":"Organization","@id":"https:\/\/abrashcabinetdentaire.lu\/es\/#organization","name":"Cabinet Dentaire Susana Abrash","url":"https:\/\/abrashcabinetdentaire.lu\/es\/","logo":{"@type":"ImageObject","inLanguage":"es","@id":"https:\/\/abrashcabinetdentaire.lu\/es\/#\/schema\/logo\/image\/","url":"https:\/\/abrashcabinetdentaire.lu\/wp-content\/uploads\/2022\/10\/abrash-logo-vertical.png","contentUrl":"https:\/\/abrashcabinetdentaire.lu\/wp-content\/uploads\/2022\/10\/abrash-logo-vertical.png","width":1007,"height":1086,"caption":"Cabinet Dentaire Susana Abrash"},"image":{"@id":"https:\/\/abrashcabinetdentaire.lu\/es\/#\/schema\/logo\/image\/"},"sameAs":["https:\/\/www.facebook.com\/abrashcabinetdentaire\/","https:\/\/www.instagram.com\/abrashcabinetdentaire\/"]}]}},"_links":{"self":[{"href":"https:\/\/abrashcabinetdentaire.lu\/es\/wp-json\/wp\/v2\/pages\/4716","targetHints":{"allow":["GET"]}}],"collection":[{"href":"https:\/\/abrashcabinetdentaire.lu\/es\/wp-json\/wp\/v2\/pages"}],"about":[{"href":"https:\/\/abrashcabinetdentaire.lu\/es\/wp-json\/wp\/v2\/types\/page"}],"author":[{"embeddable":true,"href":"https:\/\/abrashcabinetdentaire.lu\/es\/wp-json\/wp\/v2\/users\/1"}],"replies":[{"embeddable":true,"href":"https:\/\/abrashcabinetdentaire.lu\/es\/wp-json\/wp\/v2\/comments?post=4716"}],"version-history":[{"count":4,"href":"https:\/\/abrashcabinetdentaire.lu\/es\/wp-json\/wp\/v2\/pages\/4716\/revisions"}],"predecessor-version":[{"id":5659,"href":"https:\/\/abrashcabinetdentaire.lu\/es\/wp-json\/wp\/v2\/pages\/4716\/revisions\/5659"}],"wp:featuredmedia":[{"embeddable":true,"href":"https:\/\/abrashcabinetdentaire.lu\/es\/wp-json\/wp\/v2\/media\/4379"}],"wp:attachment":[{"href":"https:\/\/abrashcabinetdentaire.lu\/es\/wp-json\/wp\/v2\/media?parent=4716"}],"curies":[{"name":"wp","href":"https:\/\/api.w.org\/{rel}","templated":true}]}}