{"id":4723,"date":"2022-10-25T20:21:29","date_gmt":"2022-10-25T20:21:29","guid":{"rendered":"https:\/\/abrashcabinetdentaire.lu\/preguntas-frecuentes\/"},"modified":"2023-05-02T20:40:22","modified_gmt":"2023-05-02T20:40:22","slug":"preguntas-frecuentes","status":"publish","type":"page","link":"https:\/\/abrashcabinetdentaire.lu\/es\/preguntas-frecuentes\/","title":{"rendered":"Preguntas frecuentes"},"content":{"rendered":"<div id=\"pl-4723\"  class=\"panel-layout\" ><div id=\"pg-4723-0\"  class=\"panel-grid panel-has-style\" ><div class=\"aos-init siteorigin-panels-stretch divider-no-animation tablet-1-in-row mobile-1-in-row desktop-default full-width-on-small-devices full-width-on-tablets bg-c2 panel-row-style panel-row-style-for-4723-0\" data-aos=\"fade\" data-aos-duration=\"900\" data-aos-easing=\"linear\" data-aos-anchor-placement=\"top-bottom\" data-aos-once=\"true\" data-stretch-type=\"full\" ><div id=\"pgc-4723-0-0\"  class=\"panel-grid-cell panel-grid-cell-mobile-last\" ><div class=\"custom panel-cell-style panel-cell-style-for-4723-0-0\" ><div id=\"panel-4723-0-0-0\" class=\"so-panel widget widget_orion_heading_w panel-first-child panel-last-child\" data-index=\"0\" ><div class=\"orion custom default panel-widget-style panel-widget-style-for-4723-0-0-0\" ><div\n\t\t\t\n\t\t\tclass=\"so-widget-orion_heading_w so-widget-orion_heading_w-base\"\n\t\t\t\n\t\t> \r\n\t\t\t<div class=\"row orion-heading\" style=\"margin-bottom:0px;\">\r\n\t\t<div class=\"col-md-12  separator-style-2 text-left style-h2 style-text-dark\">\r\n\t\t\t<h2 class=\"text-dark\">\r\n\t\t\t\tPreguntas frecuentes\t\t\t<\/h2>\r\n\t\t<\/div>\r\n\t<\/div>\r\n\r\n\t<\/div><\/div><\/div><\/div><\/div><div id=\"pgc-4723-0-1\"  class=\"panel-grid-cell panel-grid-cell-empty\" ><\/div><\/div><\/div><div id=\"pg-4723-1\"  class=\"panel-grid panel-has-style\" ><div class=\"siteorigin-panels-stretch divider-no-animation tablet-default mobile-1-in-row desktop-default text-dark bg-sitebg bg-o-contain-right panel-row-style panel-row-style-for-4723-1\" data-stretch-type=\"full\" data-svg-bottom-color=\"#ffffff\" ><div id=\"pgc-4723-1-0\"  class=\"panel-grid-cell\" ><div class=\"custom panel-cell-style panel-cell-style-for-4723-1-0\" ><div id=\"panel-4723-1-0-0\" class=\"so-panel widget widget_orion_accordion_w panel-first-child panel-last-child\" data-index=\"1\" ><div class=\"orion custom default panel-widget-style panel-widget-style-for-4723-1-0-0\" ><div\n\t\t\t\n\t\t\tclass=\"so-widget-orion_accordion_w so-widget-orion_accordion_w-base\"\n\t\t\t\n\t\t>\t\r\n\r\n\t<div class=\"panel-group \" role=\"tablist\" aria-multiselectable=\"true\" id=\"acc_69e9b24f42126\">\r\n\t\t\r\n\t\t\t\t\t\t\t\t\r\n\t\t\t\r\n\t\t<div class=\"panel panel-default\" style=\"border-color:#f2f2f2; background:rgba(248,248,248,1)\">\r\n\t\t\t<div class=\"panel-heading\" role=\"tab\" id=\"Cundodeberealizarseunarevisindentalunamujerembarazada69e9b24f42140\">\r\n\t\t\t\t<h4 class=\"panel-title\">\r\n\t\t\t\t\t<a role=\"button\" data-toggle=\"collapse\" href=\"#Cundodeberealizarseunarevisindentalunamujerembarazada69e9b24f42140-panel\" class=\"not-collapsed primary-hover\" aria-expanded=\"true\" aria-controls=\"Cundodeberealizarseunarevisindentalunamujerembarazada69e9b24f42140\" data-parent=\"#acc_69e9b24f42126\" style=\"border-color:#f2f2f2;\">\r\n\t\t\t\t\t\t\t\t\t\t  \t<span class=\"icon\" style=\"color: inherit\">\r\n\t\t\t\t\t  \t\t<span class=\"sow-icon-fontawesome sow-fas\" data-sow-icon=\"&#xe31e;\"\n\t\tstyle=\"color: inherit\" \n\t\taria-hidden=\"true\"><\/span><\/span>\r\n\t\t\t\t\t  \t\r\n\t\t\t\t\t  \t\u00bfCu\u00e1ndo debe realizarse una revisi\u00f3n dental una mujer embarazada?\t\t\t\t\t<\/a>\r\n\t\t\t\t<\/h4>\r\n\r\n\t\t\t<\/div>\r\n\t\t\t<div class=\"panel-collapse collapse in\" id=\"Cundodeberealizarseunarevisindentalunamujerembarazada69e9b24f42140-panel\" aria-expanded=\"false\" role=\"tabpanel\" aria-labelledby=\"Cundodeberealizarseunarevisindentalunamujerembarazada69e9b24f42140\">\r\n\t\t\t\t<div class=\"panel-body\" style=\"border-color:#f2f2f2;\">\r\n\t\t\t\t\t<p>El gobierno luxemburgu\u00e9s aconseja a las embarazadas realizarse una revisi\u00f3n dental durante el embarazo, preferiblemente antes del quinto mes. Nosotros aconsejamos tambi\u00e9n la realizaci\u00f3n de una revisi\u00f3n antes de un posible embarazo para poder realizar los tratamientos necesarios, sin tener que exponer al bebe a riesgos innecesarios.<\/p>\n\t\t\t\t<\/div>\r\n\t\t\t<\/div>\r\n\t\t<\/div>\r\n\t\t\t\t\t\t\r\n\t\t\t\r\n\t\t<div class=\"panel panel-default\" style=\"border-color:#f2f2f2; background:rgba(248,248,248,1)\">\r\n\t\t\t<div class=\"panel-heading\" role=\"tab\" id=\"Cundotengoquellevaramihijoaaldentistaporprimeravez69e9b24f42f16\">\r\n\t\t\t\t<h4 class=\"panel-title\">\r\n\t\t\t\t\t<a role=\"button\" data-toggle=\"collapse\" href=\"#Cundotengoquellevaramihijoaaldentistaporprimeravez69e9b24f42f16-panel\" class=\"collapsed primary-hover\" aria-expanded=\"false\" aria-controls=\"Cundotengoquellevaramihijoaaldentistaporprimeravez69e9b24f42f16\" data-parent=\"#acc_69e9b24f42126\" style=\"border-color:#f2f2f2;\">\r\n\t\t\t\t\t\t\t\t\t\t  \t<span class=\"icon\" style=\"color: inherit\">\r\n\t\t\t\t\t  \t\t<span class=\"sow-icon-fontawesome sow-fas\" data-sow-icon=\"&#xf77c;\"\n\t\tstyle=\"color: inherit\" \n\t\taria-hidden=\"true\"><\/span><\/span>\r\n\t\t\t\t\t  \t\r\n\t\t\t\t\t  \t\u00bfCu\u00e1ndo tengo que llevar a mi hijo\/a al dentista por primera vez?\t\t\t\t\t<\/a>\r\n\t\t\t\t<\/h4>\r\n\r\n\t\t\t<\/div>\r\n\t\t\t<div class=\"panel-collapse collapse \" id=\"Cundotengoquellevaramihijoaaldentistaporprimeravez69e9b24f42f16-panel\" aria-expanded=\"false\" role=\"tabpanel\" aria-labelledby=\"Cundotengoquellevaramihijoaaldentistaporprimeravez69e9b24f42f16\">\r\n\t\t\t\t<div class=\"panel-body\" style=\"border-color:#f2f2f2;\">\r\n\t\t\t\t\t<p>La primera revisi\u00f3n dental debe realizarse en cuanto sale el primer diente.<\/p>\n\t\t\t\t<\/div>\r\n\t\t\t<\/div>\r\n\t\t<\/div>\r\n\t\t\t\t\t\t\r\n\t\t\t\r\n\t\t<div class=\"panel panel-default\" style=\"border-color:#f2f2f2; background:rgba(248,248,248,1)\">\r\n\t\t\t<div class=\"panel-heading\" role=\"tab\" id=\"Esnecesariotratarlosdientesdeleche69e9b24f42f4b\">\r\n\t\t\t\t<h4 class=\"panel-title\">\r\n\t\t\t\t\t<a role=\"button\" data-toggle=\"collapse\" href=\"#Esnecesariotratarlosdientesdeleche69e9b24f42f4b-panel\" class=\"collapsed primary-hover\" aria-expanded=\"false\" aria-controls=\"Esnecesariotratarlosdientesdeleche69e9b24f42f4b\" data-parent=\"#acc_69e9b24f42126\" style=\"border-color:#f2f2f2;\">\r\n\t\t\t\t\t\t\t\t\t\t  \t<span class=\"icon\" style=\"color: inherit\">\r\n\t\t\t\t\t  \t\t<span class=\"sow-icon-dentalicons2\" data-sow-icon=\"&#xe91c;\"\n\t\tstyle=\"color: inherit\" \n\t\taria-hidden=\"true\"><\/span><\/span>\r\n\t\t\t\t\t  \t\r\n\t\t\t\t\t  \t\u00bfEs necesario tratar los dientes de leche?\t\t\t\t\t<\/a>\r\n\t\t\t\t<\/h4>\r\n\r\n\t\t\t<\/div>\r\n\t\t\t<div class=\"panel-collapse collapse \" id=\"Esnecesariotratarlosdientesdeleche69e9b24f42f4b-panel\" aria-expanded=\"false\" role=\"tabpanel\" aria-labelledby=\"Esnecesariotratarlosdientesdeleche69e9b24f42f4b\">\r\n\t\t\t\t<div class=\"panel-body\" style=\"border-color:#f2f2f2;\">\r\n\t\t\t\t\t<p>Por supuesto que si. Una buena salud buco-dental depende directamente del estado de la dentici\u00f3n temporal.<\/p>\n\t\t\t\t<\/div>\r\n\t\t\t<\/div>\r\n\t\t<\/div>\r\n\t\t\t\t\t\t\r\n\t\t\t\r\n\t\t<div class=\"panel panel-default\" style=\"border-color:#f2f2f2; background:rgba(248,248,248,1)\">\r\n\t\t\t<div class=\"panel-heading\" role=\"tab\" id=\"Simihijoasecaeysegolpealosdientesqudebohacer69e9b24f42f76\">\r\n\t\t\t\t<h4 class=\"panel-title\">\r\n\t\t\t\t\t<a role=\"button\" data-toggle=\"collapse\" href=\"#Simihijoasecaeysegolpealosdientesqudebohacer69e9b24f42f76-panel\" class=\"collapsed primary-hover\" aria-expanded=\"false\" aria-controls=\"Simihijoasecaeysegolpealosdientesqudebohacer69e9b24f42f76\" data-parent=\"#acc_69e9b24f42126\" style=\"border-color:#f2f2f2;\">\r\n\t\t\t\t\t\t\t\t\t\t  \t<span class=\"icon\" style=\"color: inherit\">\r\n\t\t\t\t\t  \t\t<span class=\"sow-icon-dentalicons3\" data-sow-icon=\"&#xe907;\"\n\t\tstyle=\"color: inherit\" \n\t\taria-hidden=\"true\"><\/span><\/span>\r\n\t\t\t\t\t  \t\r\n\t\t\t\t\t  \tSi mi hijo\/a se cae y se golpea los dientes, \u00bfqu\u00e9 debo hacer?\t\t\t\t\t<\/a>\r\n\t\t\t\t<\/h4>\r\n\r\n\t\t\t<\/div>\r\n\t\t\t<div class=\"panel-collapse collapse \" id=\"Simihijoasecaeysegolpealosdientesqudebohacer69e9b24f42f76-panel\" aria-expanded=\"false\" role=\"tabpanel\" aria-labelledby=\"Simihijoasecaeysegolpealosdientesqudebohacer69e9b24f42f76\">\r\n\t\t\t\t<div class=\"panel-body\" style=\"border-color:#f2f2f2;\">\r\n\t\t\t\t\t<div dir=\"ltr\">\n<div class=\"elementToProof\">\n<div><span lang=\"FR\">Hay que acudir de inmediato al dentista, y en el caso de fractura o p\u00e9rdida de una pieza dental, hay que meterlo en leche o saliva mientras se acude a consulta.<\/span><\/div>\n<\/div>\n<\/div>\n\t\t\t\t<\/div>\r\n\t\t\t<\/div>\r\n\t\t<\/div>\r\n\t\t\t\t\t\t\r\n\t\t\t\r\n\t\t<div class=\"panel panel-default\" style=\"border-color:#f2f2f2; background:rgba(248,248,248,1)\">\r\n\t\t\t<div class=\"panel-heading\" role=\"tab\" id=\"Cadacuantodeborealizarmeunarevisindental69e9b24f42ffc\">\r\n\t\t\t\t<h4 class=\"panel-title\">\r\n\t\t\t\t\t<a role=\"button\" data-toggle=\"collapse\" href=\"#Cadacuantodeborealizarmeunarevisindental69e9b24f42ffc-panel\" class=\"collapsed primary-hover\" aria-expanded=\"false\" aria-controls=\"Cadacuantodeborealizarmeunarevisindental69e9b24f42ffc\" data-parent=\"#acc_69e9b24f42126\" style=\"border-color:#f2f2f2;\">\r\n\t\t\t\t\t\t\t\t\t\t  \t<span class=\"icon\" style=\"color: inherit\">\r\n\t\t\t\t\t  \t\t<span class=\"sow-icon-fontawesome sow-far\" data-sow-icon=\"&#xf073;\"\n\t\tstyle=\"color: inherit\" \n\t\taria-hidden=\"true\"><\/span><\/span>\r\n\t\t\t\t\t  \t\r\n\t\t\t\t\t  \t\u00bfCada cuanto debo realizarme una revisi\u00f3n dental?\t\t\t\t\t<\/a>\r\n\t\t\t\t<\/h4>\r\n\r\n\t\t\t<\/div>\r\n\t\t\t<div class=\"panel-collapse collapse \" id=\"Cadacuantodeborealizarmeunarevisindental69e9b24f42ffc-panel\" aria-expanded=\"false\" role=\"tabpanel\" aria-labelledby=\"Cadacuantodeborealizarmeunarevisindental69e9b24f42ffc\">\r\n\t\t\t\t<div class=\"panel-body\" style=\"border-color:#f2f2f2;\">\r\n\t\t\t\t\t<p>Depende de cada caso, pero lo ideal es acudir cada 6 meses.<\/p>\n\t\t\t\t<\/div>\r\n\t\t\t<\/div>\r\n\t\t<\/div>\r\n\t\t\t\t\t\t\r\n\t\t\t\r\n\t\t<div class=\"panel panel-default\" style=\"border-color:#f2f2f2; background:rgba(248,248,248,1)\">\r\n\t\t\t<div class=\"panel-heading\" role=\"tab\" id=\"Elblanqueamientodentaldesgastaunacapademiesmalte69e9b24f4302a\">\r\n\t\t\t\t<h4 class=\"panel-title\">\r\n\t\t\t\t\t<a role=\"button\" data-toggle=\"collapse\" href=\"#Elblanqueamientodentaldesgastaunacapademiesmalte69e9b24f4302a-panel\" class=\"collapsed primary-hover\" aria-expanded=\"false\" aria-controls=\"Elblanqueamientodentaldesgastaunacapademiesmalte69e9b24f4302a\" data-parent=\"#acc_69e9b24f42126\" style=\"border-color:#f2f2f2;\">\r\n\t\t\t\t\t\t\t\t\t\t  \t<span class=\"icon\" style=\"color: inherit\">\r\n\t\t\t\t\t  \t\t<span class=\"sow-icon-dentalicons2\" data-sow-icon=\"&#xe908;\"\n\t\tstyle=\"color: inherit\" \n\t\taria-hidden=\"true\"><\/span><\/span>\r\n\t\t\t\t\t  \t\r\n\t\t\t\t\t  \tEl blanqueamiento dental, \u00bfdesgasta una capa de mi esmalte?\t\t\t\t\t<\/a>\r\n\t\t\t\t<\/h4>\r\n\r\n\t\t\t<\/div>\r\n\t\t\t<div class=\"panel-collapse collapse \" id=\"Elblanqueamientodentaldesgastaunacapademiesmalte69e9b24f4302a-panel\" aria-expanded=\"false\" role=\"tabpanel\" aria-labelledby=\"Elblanqueamientodentaldesgastaunacapademiesmalte69e9b24f4302a\">\r\n\t\t\t\t<div class=\"panel-body\" style=\"border-color:#f2f2f2;\">\r\n\t\t\t\t\t<p>El blanqueamiento dental realizado por un dentista, en los casos aptos para su realizaci\u00f3n, no desgasta el esmalte.<\/p>\n\t\t\t\t<\/div>\r\n\t\t\t<\/div>\r\n\t\t<\/div>\r\n\t\t\t\t\t\t\r\n\t\t\t\r\n\t\t<div class=\"panel panel-default\" style=\"border-color:#f2f2f2; background:rgba(248,248,248,1)\">\r\n\t\t\t<div class=\"panel-heading\" role=\"tab\" id=\"Puedotenercariesenimplantes69e9b24f4304c\">\r\n\t\t\t\t<h4 class=\"panel-title\">\r\n\t\t\t\t\t<a role=\"button\" data-toggle=\"collapse\" href=\"#Puedotenercariesenimplantes69e9b24f4304c-panel\" class=\"collapsed primary-hover\" aria-expanded=\"false\" aria-controls=\"Puedotenercariesenimplantes69e9b24f4304c\" data-parent=\"#acc_69e9b24f42126\" style=\"border-color:#f2f2f2;\">\r\n\t\t\t\t\t\t\t\t\t\t  \t<span class=\"icon\" style=\"color: inherit\">\r\n\t\t\t\t\t  \t\t<span class=\"sow-icon-dentalicons5\" data-sow-icon=\"&#xe907;\"\n\t\tstyle=\"color: inherit\" \n\t\taria-hidden=\"true\"><\/span><\/span>\r\n\t\t\t\t\t  \t\r\n\t\t\t\t\t  \t\u00bfPuedo tener caries en implantes?\t\t\t\t\t<\/a>\r\n\t\t\t\t<\/h4>\r\n\r\n\t\t\t<\/div>\r\n\t\t\t<div class=\"panel-collapse collapse \" id=\"Puedotenercariesenimplantes69e9b24f4304c-panel\" aria-expanded=\"false\" role=\"tabpanel\" aria-labelledby=\"Puedotenercariesenimplantes69e9b24f4304c\">\r\n\t\t\t\t<div class=\"panel-body\" style=\"border-color:#f2f2f2;\">\r\n\t\t\t\t\t<div dir=\"ltr\">\n<div class=\"elementToProof\">\n<p>No.<\/p>\n<\/div>\n<\/div>\n\t\t\t\t<\/div>\r\n\t\t\t<\/div>\r\n\t\t<\/div>\r\n\t\t\t\t\t\t\r\n\t\t\t\r\n\t\t<div class=\"panel panel-default\" style=\"border-color:#f2f2f2; background:rgba(248,248,248,1)\">\r\n\t\t\t<div class=\"panel-heading\" role=\"tab\" id=\"Puedotenercariesenpiezasconempastes69e9b24f43081\">\r\n\t\t\t\t<h4 class=\"panel-title\">\r\n\t\t\t\t\t<a role=\"button\" data-toggle=\"collapse\" href=\"#Puedotenercariesenpiezasconempastes69e9b24f43081-panel\" class=\"collapsed primary-hover\" aria-expanded=\"false\" aria-controls=\"Puedotenercariesenpiezasconempastes69e9b24f43081\" data-parent=\"#acc_69e9b24f42126\" style=\"border-color:#f2f2f2;\">\r\n\t\t\t\t\t\t\t\t\t\t  \t<span class=\"icon\" style=\"color: inherit\">\r\n\t\t\t\t\t  \t\t<span class=\"sow-icon-dentalicons2\" data-sow-icon=\"&#xe91d;\"\n\t\tstyle=\"color: inherit\" \n\t\taria-hidden=\"true\"><\/span><\/span>\r\n\t\t\t\t\t  \t\r\n\t\t\t\t\t  \t\u00bfPuedo tener caries en piezas con empastes?\t\t\t\t\t<\/a>\r\n\t\t\t\t<\/h4>\r\n\r\n\t\t\t<\/div>\r\n\t\t\t<div class=\"panel-collapse collapse \" id=\"Puedotenercariesenpiezasconempastes69e9b24f43081-panel\" aria-expanded=\"false\" role=\"tabpanel\" aria-labelledby=\"Puedotenercariesenpiezasconempastes69e9b24f43081\">\r\n\t\t\t\t<div class=\"panel-body\" style=\"border-color:#f2f2f2;\">\r\n\t\t\t\t\t<div dir=\"ltr\">\n<div class=\"elementToProof\">\n<p>Si.<\/p>\n<\/div>\n<\/div>\n\t\t\t\t<\/div>\r\n\t\t\t<\/div>\r\n\t\t<\/div>\r\n\t\t\t\t\t\t\r\n\t\t\t\r\n\t\t<div class=\"panel panel-default\" style=\"border-color:#f2f2f2; background:rgba(248,248,248,1)\">\r\n\t\t\t<div class=\"panel-heading\" role=\"tab\" id=\"Losimplantessonparatodalavida69e9b24f430af\">\r\n\t\t\t\t<h4 class=\"panel-title\">\r\n\t\t\t\t\t<a role=\"button\" data-toggle=\"collapse\" href=\"#Losimplantessonparatodalavida69e9b24f430af-panel\" class=\"collapsed primary-hover\" aria-expanded=\"false\" aria-controls=\"Losimplantessonparatodalavida69e9b24f430af\" data-parent=\"#acc_69e9b24f42126\" style=\"border-color:#f2f2f2;\">\r\n\t\t\t\t\t\t\t\t\t\t  \t<span class=\"icon\" style=\"color: inherit\">\r\n\t\t\t\t\t  \t\t<span class=\"sow-icon-fontawesome sow-far\" data-sow-icon=\"&#xf252;\"\n\t\tstyle=\"color: inherit\" \n\t\taria-hidden=\"true\"><\/span><\/span>\r\n\t\t\t\t\t  \t\r\n\t\t\t\t\t  \t\u00bfLos implantes son para toda la vida?\t\t\t\t\t<\/a>\r\n\t\t\t\t<\/h4>\r\n\r\n\t\t\t<\/div>\r\n\t\t\t<div class=\"panel-collapse collapse \" id=\"Losimplantessonparatodalavida69e9b24f430af-panel\" aria-expanded=\"false\" role=\"tabpanel\" aria-labelledby=\"Losimplantessonparatodalavida69e9b24f430af\">\r\n\t\t\t\t<div class=\"panel-body\" style=\"border-color:#f2f2f2;\">\r\n\t\t\t\t\t<p>No hay nada que dure para toda la vida, pero dependiendo de tu edad, podr\u00edan durar el resto de tu vida.<\/p>\n\t\t\t\t<\/div>\r\n\t\t\t<\/div>\r\n\t\t<\/div>\r\n\t\t\t<\/div>\t\r\n\r\n\r\n\r\n\r\n<\/div><\/div><\/div><\/div><\/div><\/div><\/div><\/div>","protected":false},"excerpt":{"rendered":"<p>Preguntas frecuentes \u00bfCu\u00e1ndo debe realizarse una revisi\u00f3n dental una mujer embarazada? El gobierno luxemburgu\u00e9s aconseja a las embarazadas realizarse una revisi\u00f3n dental durante el embarazo, preferiblemente antes del quinto mes. Nosotros aconsejamos tambi\u00e9n la realizaci\u00f3n de una revisi\u00f3n antes de un posible embarazo para poder realizar los tratamientos necesarios, sin tener que exponer al bebe<\/p>\n","protected":false},"author":1,"featured_media":4395,"parent":0,"menu_order":0,"comment_status":"closed","ping_status":"closed","template":"","meta":{"footnotes":""},"class_list":["post-4723","page","type-page","status-publish","has-post-thumbnail","hentry"],"yoast_head":"<!-- This site is optimized with the Yoast SEO plugin v26.3 - https:\/\/yoast.com\/wordpress\/plugins\/seo\/ -->\n<title>Preguntas frecuentes | Cl\u00ednica Dental Susana Abrash<\/title>\n<meta name=\"description\" content=\"Consulta nuestra secci\u00f3n de Preguntas Frecuentes.\" \/>\n<meta name=\"robots\" content=\"index, follow, max-snippet:-1, max-image-preview:large, max-video-preview:-1\" \/>\n<link rel=\"canonical\" href=\"https:\/\/abrashcabinetdentaire.lu\/es\/preguntas-frecuentes\/\" \/>\n<meta property=\"og:locale\" content=\"es_ES\" \/>\n<meta property=\"og:type\" content=\"article\" \/>\n<meta property=\"og:title\" content=\"Preguntas frecuentes | Cl\u00ednica Dental Susana Abrash\" \/>\n<meta property=\"og:description\" content=\"Consulta nuestra secci\u00f3n de Preguntas Frecuentes.\" \/>\n<meta property=\"og:url\" content=\"https:\/\/abrashcabinetdentaire.lu\/es\/preguntas-frecuentes\/\" \/>\n<meta property=\"og:site_name\" content=\"Cl\u00ednica Dental Susana Abrash\" \/>\n<meta property=\"article:publisher\" content=\"https:\/\/www.facebook.com\/abrashcabinetdentaire\/\" \/>\n<meta property=\"article:modified_time\" content=\"2023-05-02T20:40:22+00:00\" \/>\n<meta property=\"og:image\" content=\"https:\/\/abrashcabinetdentaire.lu\/wp-content\/uploads\/2022\/11\/abrash-logo-horizontal-white@4x.png\" \/>\n\t<meta property=\"og:image:width\" content=\"1246\" \/>\n\t<meta property=\"og:image:height\" content=\"527\" \/>\n\t<meta property=\"og:image:type\" content=\"image\/png\" \/>\n<meta name=\"twitter:card\" content=\"summary_large_image\" \/>\n<meta name=\"twitter:label1\" content=\"Tiempo de lectura\" \/>\n\t<meta name=\"twitter:data1\" content=\"1 minuto\" \/>\n<script type=\"application\/ld+json\" class=\"yoast-schema-graph\">{\"@context\":\"https:\/\/schema.org\",\"@graph\":[{\"@type\":\"WebPage\",\"@id\":\"https:\/\/abrashcabinetdentaire.lu\/es\/preguntas-frecuentes\/\",\"url\":\"https:\/\/abrashcabinetdentaire.lu\/es\/preguntas-frecuentes\/\",\"name\":\"Preguntas frecuentes | Cl\u00ednica Dental Susana Abrash\",\"isPartOf\":{\"@id\":\"https:\/\/abrashcabinetdentaire.lu\/es\/#website\"},\"primaryImageOfPage\":{\"@id\":\"https:\/\/abrashcabinetdentaire.lu\/es\/preguntas-frecuentes\/#primaryimage\"},\"image\":{\"@id\":\"https:\/\/abrashcabinetdentaire.lu\/es\/preguntas-frecuentes\/#primaryimage\"},\"thumbnailUrl\":\"https:\/\/abrashcabinetdentaire.lu\/wp-content\/uploads\/2022\/11\/abrash-logo-horizontal-white@4x.png\",\"datePublished\":\"2022-10-25T20:21:29+00:00\",\"dateModified\":\"2023-05-02T20:40:22+00:00\",\"description\":\"Consulta nuestra secci\u00f3n de Preguntas Frecuentes.\",\"breadcrumb\":{\"@id\":\"https:\/\/abrashcabinetdentaire.lu\/es\/preguntas-frecuentes\/#breadcrumb\"},\"inLanguage\":\"es\",\"potentialAction\":[{\"@type\":\"ReadAction\",\"target\":[\"https:\/\/abrashcabinetdentaire.lu\/es\/preguntas-frecuentes\/\"]}]},{\"@type\":\"ImageObject\",\"inLanguage\":\"es\",\"@id\":\"https:\/\/abrashcabinetdentaire.lu\/es\/preguntas-frecuentes\/#primaryimage\",\"url\":\"https:\/\/abrashcabinetdentaire.lu\/wp-content\/uploads\/2022\/11\/abrash-logo-horizontal-white@4x.png\",\"contentUrl\":\"https:\/\/abrashcabinetdentaire.lu\/wp-content\/uploads\/2022\/11\/abrash-logo-horizontal-white@4x.png\",\"width\":1246,\"height\":527},{\"@type\":\"BreadcrumbList\",\"@id\":\"https:\/\/abrashcabinetdentaire.lu\/es\/preguntas-frecuentes\/#breadcrumb\",\"itemListElement\":[{\"@type\":\"ListItem\",\"position\":1,\"name\":\"Inicio\",\"item\":\"https:\/\/abrashcabinetdentaire.lu\/es\/\"},{\"@type\":\"ListItem\",\"position\":2,\"name\":\"Preguntas frecuentes\"}]},{\"@type\":\"WebSite\",\"@id\":\"https:\/\/abrashcabinetdentaire.lu\/es\/#website\",\"url\":\"https:\/\/abrashcabinetdentaire.lu\/es\/\",\"name\":\"Cl\u00ednica Dental Susana Abrash\",\"description\":\"Dentista en Luxemburgo\",\"publisher\":{\"@id\":\"https:\/\/abrashcabinetdentaire.lu\/es\/#organization\"},\"potentialAction\":[{\"@type\":\"SearchAction\",\"target\":{\"@type\":\"EntryPoint\",\"urlTemplate\":\"https:\/\/abrashcabinetdentaire.lu\/es\/?s={search_term_string}\"},\"query-input\":{\"@type\":\"PropertyValueSpecification\",\"valueRequired\":true,\"valueName\":\"search_term_string\"}}],\"inLanguage\":\"es\"},{\"@type\":\"Organization\",\"@id\":\"https:\/\/abrashcabinetdentaire.lu\/es\/#organization\",\"name\":\"Cabinet Dentaire Susana Abrash\",\"url\":\"https:\/\/abrashcabinetdentaire.lu\/es\/\",\"logo\":{\"@type\":\"ImageObject\",\"inLanguage\":\"es\",\"@id\":\"https:\/\/abrashcabinetdentaire.lu\/es\/#\/schema\/logo\/image\/\",\"url\":\"https:\/\/abrashcabinetdentaire.lu\/wp-content\/uploads\/2022\/10\/abrash-logo-vertical.png\",\"contentUrl\":\"https:\/\/abrashcabinetdentaire.lu\/wp-content\/uploads\/2022\/10\/abrash-logo-vertical.png\",\"width\":1007,\"height\":1086,\"caption\":\"Cabinet Dentaire Susana Abrash\"},\"image\":{\"@id\":\"https:\/\/abrashcabinetdentaire.lu\/es\/#\/schema\/logo\/image\/\"},\"sameAs\":[\"https:\/\/www.facebook.com\/abrashcabinetdentaire\/\",\"https:\/\/www.instagram.com\/abrashcabinetdentaire\/\"]}]}<\/script>\n<!-- \/ Yoast SEO plugin. -->","yoast_head_json":{"title":"Preguntas frecuentes | Cl\u00ednica Dental Susana Abrash","description":"Consulta nuestra secci\u00f3n de Preguntas Frecuentes.","robots":{"index":"index","follow":"follow","max-snippet":"max-snippet:-1","max-image-preview":"max-image-preview:large","max-video-preview":"max-video-preview:-1"},"canonical":"https:\/\/abrashcabinetdentaire.lu\/es\/preguntas-frecuentes\/","og_locale":"es_ES","og_type":"article","og_title":"Preguntas frecuentes | Cl\u00ednica Dental Susana Abrash","og_description":"Consulta nuestra secci\u00f3n de Preguntas Frecuentes.","og_url":"https:\/\/abrashcabinetdentaire.lu\/es\/preguntas-frecuentes\/","og_site_name":"Cl\u00ednica Dental Susana Abrash","article_publisher":"https:\/\/www.facebook.com\/abrashcabinetdentaire\/","article_modified_time":"2023-05-02T20:40:22+00:00","og_image":[{"width":1246,"height":527,"url":"https:\/\/abrashcabinetdentaire.lu\/wp-content\/uploads\/2022\/11\/abrash-logo-horizontal-white@4x.png","type":"image\/png"}],"twitter_card":"summary_large_image","twitter_misc":{"Tiempo de lectura":"1 minuto"},"schema":{"@context":"https:\/\/schema.org","@graph":[{"@type":"WebPage","@id":"https:\/\/abrashcabinetdentaire.lu\/es\/preguntas-frecuentes\/","url":"https:\/\/abrashcabinetdentaire.lu\/es\/preguntas-frecuentes\/","name":"Preguntas frecuentes | Cl\u00ednica Dental Susana Abrash","isPartOf":{"@id":"https:\/\/abrashcabinetdentaire.lu\/es\/#website"},"primaryImageOfPage":{"@id":"https:\/\/abrashcabinetdentaire.lu\/es\/preguntas-frecuentes\/#primaryimage"},"image":{"@id":"https:\/\/abrashcabinetdentaire.lu\/es\/preguntas-frecuentes\/#primaryimage"},"thumbnailUrl":"https:\/\/abrashcabinetdentaire.lu\/wp-content\/uploads\/2022\/11\/abrash-logo-horizontal-white@4x.png","datePublished":"2022-10-25T20:21:29+00:00","dateModified":"2023-05-02T20:40:22+00:00","description":"Consulta nuestra secci\u00f3n de Preguntas Frecuentes.","breadcrumb":{"@id":"https:\/\/abrashcabinetdentaire.lu\/es\/preguntas-frecuentes\/#breadcrumb"},"inLanguage":"es","potentialAction":[{"@type":"ReadAction","target":["https:\/\/abrashcabinetdentaire.lu\/es\/preguntas-frecuentes\/"]}]},{"@type":"ImageObject","inLanguage":"es","@id":"https:\/\/abrashcabinetdentaire.lu\/es\/preguntas-frecuentes\/#primaryimage","url":"https:\/\/abrashcabinetdentaire.lu\/wp-content\/uploads\/2022\/11\/abrash-logo-horizontal-white@4x.png","contentUrl":"https:\/\/abrashcabinetdentaire.lu\/wp-content\/uploads\/2022\/11\/abrash-logo-horizontal-white@4x.png","width":1246,"height":527},{"@type":"BreadcrumbList","@id":"https:\/\/abrashcabinetdentaire.lu\/es\/preguntas-frecuentes\/#breadcrumb","itemListElement":[{"@type":"ListItem","position":1,"name":"Inicio","item":"https:\/\/abrashcabinetdentaire.lu\/es\/"},{"@type":"ListItem","position":2,"name":"Preguntas frecuentes"}]},{"@type":"WebSite","@id":"https:\/\/abrashcabinetdentaire.lu\/es\/#website","url":"https:\/\/abrashcabinetdentaire.lu\/es\/","name":"Cl\u00ednica Dental Susana Abrash","description":"Dentista en Luxemburgo","publisher":{"@id":"https:\/\/abrashcabinetdentaire.lu\/es\/#organization"},"potentialAction":[{"@type":"SearchAction","target":{"@type":"EntryPoint","urlTemplate":"https:\/\/abrashcabinetdentaire.lu\/es\/?s={search_term_string}"},"query-input":{"@type":"PropertyValueSpecification","valueRequired":true,"valueName":"search_term_string"}}],"inLanguage":"es"},{"@type":"Organization","@id":"https:\/\/abrashcabinetdentaire.lu\/es\/#organization","name":"Cabinet Dentaire Susana Abrash","url":"https:\/\/abrashcabinetdentaire.lu\/es\/","logo":{"@type":"ImageObject","inLanguage":"es","@id":"https:\/\/abrashcabinetdentaire.lu\/es\/#\/schema\/logo\/image\/","url":"https:\/\/abrashcabinetdentaire.lu\/wp-content\/uploads\/2022\/10\/abrash-logo-vertical.png","contentUrl":"https:\/\/abrashcabinetdentaire.lu\/wp-content\/uploads\/2022\/10\/abrash-logo-vertical.png","width":1007,"height":1086,"caption":"Cabinet Dentaire Susana Abrash"},"image":{"@id":"https:\/\/abrashcabinetdentaire.lu\/es\/#\/schema\/logo\/image\/"},"sameAs":["https:\/\/www.facebook.com\/abrashcabinetdentaire\/","https:\/\/www.instagram.com\/abrashcabinetdentaire\/"]}]}},"_links":{"self":[{"href":"https:\/\/abrashcabinetdentaire.lu\/es\/wp-json\/wp\/v2\/pages\/4723","targetHints":{"allow":["GET"]}}],"collection":[{"href":"https:\/\/abrashcabinetdentaire.lu\/es\/wp-json\/wp\/v2\/pages"}],"about":[{"href":"https:\/\/abrashcabinetdentaire.lu\/es\/wp-json\/wp\/v2\/types\/page"}],"author":[{"embeddable":true,"href":"https:\/\/abrashcabinetdentaire.lu\/es\/wp-json\/wp\/v2\/users\/1"}],"replies":[{"embeddable":true,"href":"https:\/\/abrashcabinetdentaire.lu\/es\/wp-json\/wp\/v2\/comments?post=4723"}],"version-history":[{"count":8,"href":"https:\/\/abrashcabinetdentaire.lu\/es\/wp-json\/wp\/v2\/pages\/4723\/revisions"}],"predecessor-version":[{"id":5629,"href":"https:\/\/abrashcabinetdentaire.lu\/es\/wp-json\/wp\/v2\/pages\/4723\/revisions\/5629"}],"wp:featuredmedia":[{"embeddable":true,"href":"https:\/\/abrashcabinetdentaire.lu\/es\/wp-json\/wp\/v2\/media\/4395"}],"wp:attachment":[{"href":"https:\/\/abrashcabinetdentaire.lu\/es\/wp-json\/wp\/v2\/media?parent=4723"}],"curies":[{"name":"wp","href":"https:\/\/api.w.org\/{rel}","templated":true}]}}